{"id":919,"date":"2021-06-03T12:46:13","date_gmt":"2021-06-03T10:46:13","guid":{"rendered":"https:\/\/www.espace-nouvelle-vision.com\/?page_id=919"},"modified":"2022-05-09T15:55:39","modified_gmt":"2022-05-09T13:55:39","slug":"legal-notices","status":"publish","type":"page","link":"https:\/\/www.espace-nouvelle-vision.com\/en\/legal-notices\/","title":{"rendered":"Legal Notices"},"content":{"rendered":"<div class=\"wpb-content-wrapper\">[vc_row][vc_column][vc_column_text]\n<h2>Editeur du site<\/h2>\n<p>Docteur Jean-Fran\u00e7ois Faure<br \/>\nChirurgien ophtalmologiste<br \/>\n6, rue de la Grande Chaumi\u00e8re<br \/>\n75006 Paris<\/p>\n<h2>Directeur de publication<\/h2>\n<p>Docteur Jean-Fran\u00e7ois Faure<br \/>\nChirurgien ophtalmologiste<br \/>\n6, rue de la Grande Chaumi\u00e8re<br \/>\n75006 Paris<\/p>\n<h2>Conception, cr\u00e9ation et r\u00e9alisation<\/h2>\n<p>Agence We &amp; Vitamine B<br \/>\nSi\u00e8ge social<br \/>\nBT6<br \/>\n1 avenue Robert Schuman<br \/>\n33130 B\u00e8gles<br \/>\nvitamine-b.fr<\/p>\n<h2>H\u00e9bergement<\/h2>\n<p>OVH<br \/>\n2 rue Kellermann<br \/>\nBP 80157<br \/>\n59053 ROUBAIX Cedex 1<\/p>\n<h2>Cr\u00e9dits photos<\/h2>\n<p>\u00a9 iStock<br \/>\nPhototh\u00e8que de l\u2019Espace Nouvelle Vision<br \/>\nLes photos pr\u00e9sent\u00e9es sur le site ne sont pas contractuelles.<\/p>\n<h2>Conditions d\u2019utilisation<\/h2>\n<p>En utilisant ce site et les informations qui y sont contenues, les utilisateurs reconnaissent avoir pris connaissance, compris et accept\u00e9 les mentions l\u00e9gales.<br \/>\nCe site a pour objet de fournir des informations g\u00e9n\u00e9rales sur les activit\u00e9s de l\u2019Espace Nouvelle Vision. Le Directeur de la publication ne peut garantir l\u2019exactitude, la pr\u00e9cision ou l\u2019exhaustivit\u00e9 des informations disponibles sur ce site. Il appartient aux utilisateurs de contacter l\u2019Espace Nouvelle Vision pour en v\u00e9rifier l\u2019exactitude.<br \/>\nMalgr\u00e9 le soin apport\u00e9 au traitement des informations, l\u2019Espace Nouvelle Vision d\u00e9cline toute responsabilit\u00e9 concernant les erreurs ou omissions portant sur les informations diffus\u00e9es sur ce site.<br \/>\nl\u2019Espace Nouvelle Vision se r\u00e9serve le droit de modifier, lorsqu\u2019elle le jugera opportun, \u00e0 tout moment et sans pr\u00e9avis, le contenu de ce site.<\/p>\n<h2>Propri\u00e9t\u00e9 intellectuelle<\/h2>\n<p>Sauf mention contraire, les droits de propri\u00e9t\u00e9 intellectuelle sur les documents contenus dans le site et chacun des \u00e9l\u00e9ments cr\u00e9\u00e9s pour ce site sont la propri\u00e9t\u00e9 exclusive de l\u2019Espace Nouvelle Vision. La reproduction de tous documents publi\u00e9s sur le site est seulement autoris\u00e9e aux fins exclusives d\u2019information pour un usage personnel et priv\u00e9, toute reproduction et toute utilisation de copies \u00e0 d\u2019autres fins \u00e9tant express\u00e9ment interdite.<br \/>\nLe code de la propri\u00e9t\u00e9 intellectuelle n\u2019autorisant, aux termes de l\u2019article L. 122-5.2\u00b0 et 3\u00b0a, d\u2019une part, que les \u00ab copies ou reproductions strictement r\u00e9serv\u00e9es \u00e0 l\u2019usage priv\u00e9 du copiste et non destin\u00e9es \u00e0 une utilisation collective \u00bb et, d\u2019autre part, que \u00ab les analyses et les courtes citations \u00bb dans un but d\u2019exemple et d\u2019illustration, \u00ab toute repr\u00e9sentation ou reproduction int\u00e9grale ou partielle faite sans le consentement de l\u2019auteur ou de ses ayants droit ou ayants cause est illicite \u00bb (art. L. 122-4). Cette repr\u00e9sentation ou reproduction, par quelque proc\u00e9d\u00e9 que ce soit constituerait donc une contrefa\u00e7on sanctionn\u00e9e par les articles L. 335-2 et suivants du code de la propri\u00e9t\u00e9 intellectuelle.<\/p>\n<h2>Liens hypertextes<\/h2>\n<p>l\u2019Espace Nouvelle Vision n\u2019est pas responsable du contenu des sites web accessibles \u00e0 partir de ce site par des liens hypertextes ou autres. Le fait qu\u2019un lien soit pr\u00e9sent sur ce site ne signifie pas que l\u2019Espace Nouvelle Vision assume la responsabilit\u00e9 du contenu d\u2019un tel autre site, ni des services ou produits qu\u2019il peut contenir. Les utilisateurs du site ne sauraient mettre en place un lien en direction de ce site sans l\u2019autorisation expresse \u00e9crite et pr\u00e9alable de l\u2019Espace Nouvelle Vision.<\/p>\n<h2>Bases de donn\u00e9es<\/h2>\n<p>En acc\u00e9dant au pr\u00e9sent site, vous reconnaissez que les donn\u00e9es le composant sont l\u00e9galement prot\u00e9g\u00e9es, et, conform\u00e9ment aux dispositions de la loi n\u00b0 98 536 du 1er juillet 1998, il vous est interdit notamment d\u2019extraire, r\u00e9utiliser, stocker, reproduire, repr\u00e9senter ou conserver, directement ou indirectement, sur un support quelconque, par tout moyen et sous toute forme que ce soit, tout ou partie qualitativement ou quantitativement substantielle, du contenu des bases de donn\u00e9es figurant au site auquel vous acc\u00e9dez ainsi que d\u2019en faire l\u2019extraction ou la r\u00e9utilisation r\u00e9p\u00e9t\u00e9e et syst\u00e9matique de parties qualitativement et quantitativement non substantielles lorsque ces op\u00e9rations exc\u00e8dent manifestement les conditions d\u2019utilisation normale.[\/vc_column_text][\/vc_column][\/vc_row]\n<\/div>","protected":false},"excerpt":{"rendered":"<p>[vc_row][vc_column][vc_column_text] Editeur du site Docteur Jean-Fran\u00e7ois Faure Chirurgien ophtalmologiste 6, rue de la Grande Chaumi\u00e8re 75006 Paris Directeur de publication Docteur Jean-Fran\u00e7ois Faure Chirurgien ophtalmologiste 6, rue de la Grande Chaumi\u00e8re 75006 Paris Conception, cr\u00e9ation et r\u00e9alisation Agence We &amp; Vitamine B Si\u00e8ge social BT6 1 avenue Robert Schuman 33130 B\u00e8gles vitamine-b.fr H\u00e9bergement OVH 2&hellip;<\/p>\n","protected":false},"author":1024,"featured_media":0,"parent":0,"menu_order":0,"comment_status":"closed","ping_status":"closed","template":"","meta":{"inline_featured_image":false,"footnotes":""},"class_list":["post-919","page","type-page","status-publish","hentry","entry","no-media"],"yoast_head":"<!-- This site is optimized with the Yoast SEO plugin v27.4 - https:\/\/yoast.com\/product\/yoast-seo-wordpress\/ -->\n<title>Legal Notices - Espace Nouvelle Vision<\/title>\n<meta name=\"robots\" content=\"index, follow, max-snippet:-1, max-image-preview:large, max-video-preview:-1\" \/>\n<link rel=\"canonical\" href=\"https:\/\/www.espace-nouvelle-vision.com\/en\/legal-notices\/\" \/>\n<meta property=\"og:locale\" content=\"en_US\" \/>\n<meta property=\"og:type\" content=\"article\" \/>\n<meta property=\"og:title\" content=\"Legal Notices - Espace Nouvelle Vision\" \/>\n<meta property=\"og:description\" content=\"[vc_row][vc_column][vc_column_text] Editeur du site Docteur Jean-Fran\u00e7ois Faure Chirurgien ophtalmologiste 6, rue de la Grande Chaumi\u00e8re 75006 Paris Directeur de publication Docteur Jean-Fran\u00e7ois Faure Chirurgien ophtalmologiste 6, rue de la Grande Chaumi\u00e8re 75006 Paris Conception, cr\u00e9ation et r\u00e9alisation Agence We &amp; Vitamine B Si\u00e8ge social BT6 1 avenue Robert Schuman 33130 B\u00e8gles vitamine-b.fr H\u00e9bergement OVH 2&hellip;\" \/>\n<meta property=\"og:url\" content=\"https:\/\/www.espace-nouvelle-vision.com\/en\/legal-notices\/\" \/>\n<meta property=\"og:site_name\" content=\"Espace Nouvelle Vision\" \/>\n<meta property=\"article:modified_time\" content=\"2022-05-09T13:55:39+00:00\" \/>\n<meta name=\"twitter:card\" content=\"summary_large_image\" \/>\n<meta name=\"twitter:label1\" content=\"Est. reading time\" \/>\n\t<meta name=\"twitter:data1\" content=\"3 minutes\" \/>\n<script type=\"application\/ld+json\" class=\"yoast-schema-graph\">{\"@context\":\"https:\\\/\\\/schema.org\",\"@graph\":[{\"@type\":\"WebPage\",\"@id\":\"https:\\\/\\\/www.espace-nouvelle-vision.com\\\/en\\\/legal-notices\\\/\",\"url\":\"https:\\\/\\\/www.espace-nouvelle-vision.com\\\/en\\\/legal-notices\\\/\",\"name\":\"Legal Notices - Espace Nouvelle Vision\",\"isPartOf\":{\"@id\":\"https:\\\/\\\/www.espace-nouvelle-vision.com\\\/#website\"},\"datePublished\":\"2021-06-03T10:46:13+00:00\",\"dateModified\":\"2022-05-09T13:55:39+00:00\",\"inLanguage\":\"en-US\",\"potentialAction\":[{\"@type\":\"ReadAction\",\"target\":[\"https:\\\/\\\/www.espace-nouvelle-vision.com\\\/en\\\/legal-notices\\\/\"]}]},{\"@type\":\"WebSite\",\"@id\":\"https:\\\/\\\/www.espace-nouvelle-vision.com\\\/#website\",\"url\":\"https:\\\/\\\/www.espace-nouvelle-vision.com\\\/\",\"name\":\"Espace Nouvelle Vision\",\"description\":\"\",\"publisher\":{\"@id\":\"https:\\\/\\\/www.espace-nouvelle-vision.com\\\/#organization\"},\"potentialAction\":[{\"@type\":\"SearchAction\",\"target\":{\"@type\":\"EntryPoint\",\"urlTemplate\":\"https:\\\/\\\/www.espace-nouvelle-vision.com\\\/?s={search_term_string}\"},\"query-input\":{\"@type\":\"PropertyValueSpecification\",\"valueRequired\":true,\"valueName\":\"search_term_string\"}}],\"inLanguage\":\"en-US\"},{\"@type\":\"Organization\",\"@id\":\"https:\\\/\\\/www.espace-nouvelle-vision.com\\\/#organization\",\"name\":\"Espace Nouvelle Vision\",\"url\":\"https:\\\/\\\/www.espace-nouvelle-vision.com\\\/\",\"logo\":{\"@type\":\"ImageObject\",\"inLanguage\":\"en-US\",\"@id\":\"https:\\\/\\\/www.espace-nouvelle-vision.com\\\/#\\\/schema\\\/logo\\\/image\\\/\",\"url\":\"https:\\\/\\\/www.espace-nouvelle-vision.com\\\/wp-content\\\/uploads\\\/2021\\\/03\\\/espace-nouvelle-vison-logo.svg\",\"contentUrl\":\"https:\\\/\\\/www.espace-nouvelle-vision.com\\\/wp-content\\\/uploads\\\/2021\\\/03\\\/espace-nouvelle-vison-logo.svg\",\"caption\":\"Espace Nouvelle Vision\"},\"image\":{\"@id\":\"https:\\\/\\\/www.espace-nouvelle-vision.com\\\/#\\\/schema\\\/logo\\\/image\\\/\"}}]}<\/script>\n<!-- \/ Yoast SEO plugin. -->","yoast_head_json":{"title":"Legal Notices - Espace Nouvelle Vision","robots":{"index":"index","follow":"follow","max-snippet":"max-snippet:-1","max-image-preview":"max-image-preview:large","max-video-preview":"max-video-preview:-1"},"canonical":"https:\/\/www.espace-nouvelle-vision.com\/en\/legal-notices\/","og_locale":"en_US","og_type":"article","og_title":"Legal Notices - Espace Nouvelle Vision","og_description":"[vc_row][vc_column][vc_column_text] Editeur du site Docteur Jean-Fran\u00e7ois Faure Chirurgien ophtalmologiste 6, rue de la Grande Chaumi\u00e8re 75006 Paris Directeur de publication Docteur Jean-Fran\u00e7ois Faure Chirurgien ophtalmologiste 6, rue de la Grande Chaumi\u00e8re 75006 Paris Conception, cr\u00e9ation et r\u00e9alisation Agence We &amp; Vitamine B Si\u00e8ge social BT6 1 avenue Robert Schuman 33130 B\u00e8gles vitamine-b.fr H\u00e9bergement OVH 2&hellip;","og_url":"https:\/\/www.espace-nouvelle-vision.com\/en\/legal-notices\/","og_site_name":"Espace Nouvelle Vision","article_modified_time":"2022-05-09T13:55:39+00:00","twitter_card":"summary_large_image","twitter_misc":{"Est. reading time":"3 minutes"},"schema":{"@context":"https:\/\/schema.org","@graph":[{"@type":"WebPage","@id":"https:\/\/www.espace-nouvelle-vision.com\/en\/legal-notices\/","url":"https:\/\/www.espace-nouvelle-vision.com\/en\/legal-notices\/","name":"Legal Notices - Espace Nouvelle Vision","isPartOf":{"@id":"https:\/\/www.espace-nouvelle-vision.com\/#website"},"datePublished":"2021-06-03T10:46:13+00:00","dateModified":"2022-05-09T13:55:39+00:00","inLanguage":"en-US","potentialAction":[{"@type":"ReadAction","target":["https:\/\/www.espace-nouvelle-vision.com\/en\/legal-notices\/"]}]},{"@type":"WebSite","@id":"https:\/\/www.espace-nouvelle-vision.com\/#website","url":"https:\/\/www.espace-nouvelle-vision.com\/","name":"Espace Nouvelle Vision","description":"","publisher":{"@id":"https:\/\/www.espace-nouvelle-vision.com\/#organization"},"potentialAction":[{"@type":"SearchAction","target":{"@type":"EntryPoint","urlTemplate":"https:\/\/www.espace-nouvelle-vision.com\/?s={search_term_string}"},"query-input":{"@type":"PropertyValueSpecification","valueRequired":true,"valueName":"search_term_string"}}],"inLanguage":"en-US"},{"@type":"Organization","@id":"https:\/\/www.espace-nouvelle-vision.com\/#organization","name":"Espace Nouvelle Vision","url":"https:\/\/www.espace-nouvelle-vision.com\/","logo":{"@type":"ImageObject","inLanguage":"en-US","@id":"https:\/\/www.espace-nouvelle-vision.com\/#\/schema\/logo\/image\/","url":"https:\/\/www.espace-nouvelle-vision.com\/wp-content\/uploads\/2021\/03\/espace-nouvelle-vison-logo.svg","contentUrl":"https:\/\/www.espace-nouvelle-vision.com\/wp-content\/uploads\/2021\/03\/espace-nouvelle-vison-logo.svg","caption":"Espace Nouvelle Vision"},"image":{"@id":"https:\/\/www.espace-nouvelle-vision.com\/#\/schema\/logo\/image\/"}}]}},"_links":{"self":[{"href":"https:\/\/www.espace-nouvelle-vision.com\/en\/wp-json\/wp\/v2\/pages\/919","targetHints":{"allow":["GET"]}}],"collection":[{"href":"https:\/\/www.espace-nouvelle-vision.com\/en\/wp-json\/wp\/v2\/pages"}],"about":[{"href":"https:\/\/www.espace-nouvelle-vision.com\/en\/wp-json\/wp\/v2\/types\/page"}],"author":[{"embeddable":true,"href":"https:\/\/www.espace-nouvelle-vision.com\/en\/wp-json\/wp\/v2\/users\/1024"}],"replies":[{"embeddable":true,"href":"https:\/\/www.espace-nouvelle-vision.com\/en\/wp-json\/wp\/v2\/comments?post=919"}],"version-history":[{"count":2,"href":"https:\/\/www.espace-nouvelle-vision.com\/en\/wp-json\/wp\/v2\/pages\/919\/revisions"}],"predecessor-version":[{"id":1024,"href":"https:\/\/www.espace-nouvelle-vision.com\/en\/wp-json\/wp\/v2\/pages\/919\/revisions\/1024"}],"wp:attachment":[{"href":"https:\/\/www.espace-nouvelle-vision.com\/en\/wp-json\/wp\/v2\/media?parent=919"}],"curies":[{"name":"wp","href":"https:\/\/api.w.org\/{rel}","templated":true}]}}