{"id":917,"date":"2021-06-03T12:43:05","date_gmt":"2021-06-03T10:43:05","guid":{"rendered":"https:\/\/www.espace-nouvelle-vision.com\/gestion-des-donnees-personnelles\/"},"modified":"2022-05-09T15:55:55","modified_gmt":"2022-05-09T13:55:55","slug":"management-of-personal-data","status":"publish","type":"page","link":"https:\/\/www.espace-nouvelle-vision.com\/en\/management-of-personal-data\/","title":{"rendered":"Management of personal data"},"content":{"rendered":"<div class=\"wpb-content-wrapper\">[vc_row][vc_column][vc_column_text]L\u2019Espace Nouvelle Vision respecte le R\u00e8glement g\u00e9n\u00e9ral de protection des donn\u00e9es (RGPD) europ\u00e9en entr\u00e9 en vigueur le 25 mai 2018. Les donn\u00e9es personnelles pr\u00e9lev\u00e9es par l\u2019Espace Nouvelle Vision sur ce site internet ne sont pas c\u00e9d\u00e9es \u00e0 un tiers. Celles-ci sont stock\u00e9es sur un serveur OVH et permettre d\u2019optimiser l\u2019exp\u00e9rience utilisateur sur ce site.<\/p>\n<h2>FORMULAIRES DE CONTACT<\/h2>\n<p>Les donn\u00e9es des formulaires de contact sont r\u00e9colt\u00e9es par l\u2019Espace Nouvelle Vision dans le but de r\u00e9pondre aux questions des utilisateurs du site internet, aux demandes de devis ou de prise de rendez-vous. Les donn\u00e9es sont conserv\u00e9es pour une dur\u00e9e maximale de 3 ans.<\/p>\n<h2>COOKIES<\/h2>\n<p>Les cookies sont des petites quantit\u00e9s de donn\u00e9es qui sont stock\u00e9es dans des fichiers sur le navigateur Internet de votre ordinateur. Les cookies sont accessibles et enregistr\u00e9s par les sites internet que vous consultez et par des soci\u00e9t\u00e9s tierces pour qu\u2019elles puissent reconna\u00eetre votre navigateur et adapter leurs fonctionnalit\u00e9s qui s\u2019affichent sur lesdits sites Internet.<br \/>\nL\u2019Espace Nouvelle Vision autorise Google Analytics \u00e0 placer ses propres cookies dans votre navigateur \u00e0 des fins uniquement statistiques, mesurer l\u2019audience du site internet.<\/p>\n<h2>INFORMATIQUE ET LIBERTES<\/h2>\n<p>Les informations recueillies par l\u2019Espace Nouvelle Vision font l\u2019objet d\u2019un traitement informatique destin\u00e9 \u00e0 la constitution d\u2019un fichier clients et prospects.<br \/>\nConform\u00e9ment \u00e0 la loi Informatique et libert\u00e9s du 6 janvier 1978 modifi\u00e9e en 2004, vous b\u00e9n\u00e9ficiez d\u2019un droit d\u2019acc\u00e8s et de rectification aux informations qui vous concernent. Vous pouvez \u00e9galement, pour des motifs l\u00e9gitimes, vous opposer au traitement des donn\u00e9es vous concernant. Pour exercer votre droit de suppression ou modification de vos donn\u00e9es personnelles, merci de nous contacter via le formulaire de contact.[\/vc_column_text][\/vc_column][\/vc_row]\n<\/div>","protected":false},"excerpt":{"rendered":"<p>[vc_row][vc_column][vc_column_text]L\u2019Espace Nouvelle Vision respecte le R\u00e8glement g\u00e9n\u00e9ral de protection des donn\u00e9es (RGPD) europ\u00e9en entr\u00e9 en vigueur le 25 mai 2018. Les donn\u00e9es personnelles pr\u00e9lev\u00e9es par l\u2019Espace Nouvelle Vision sur ce site internet ne sont pas c\u00e9d\u00e9es \u00e0 un tiers. Celles-ci sont stock\u00e9es sur un serveur OVH et permettre d\u2019optimiser l\u2019exp\u00e9rience utilisateur sur ce site. FORMULAIRES&hellip;<\/p>\n","protected":false},"author":1024,"featured_media":0,"parent":0,"menu_order":0,"comment_status":"closed","ping_status":"closed","template":"","meta":{"inline_featured_image":false,"footnotes":""},"class_list":["post-917","page","type-page","status-publish","hentry","entry","no-media"],"yoast_head":"<!-- This site is optimized with the Yoast SEO plugin v25.2 - https:\/\/yoast.com\/wordpress\/plugins\/seo\/ -->\n<title>Management of personal data - Espace Nouvelle Vision<\/title>\n<meta name=\"robots\" content=\"index, follow, max-snippet:-1, max-image-preview:large, max-video-preview:-1\" \/>\n<link rel=\"canonical\" href=\"https:\/\/www.espace-nouvelle-vision.com\/en\/management-of-personal-data\/\" \/>\n<meta property=\"og:locale\" content=\"en_US\" \/>\n<meta property=\"og:type\" content=\"article\" \/>\n<meta property=\"og:title\" content=\"Management of personal data - Espace Nouvelle Vision\" \/>\n<meta property=\"og:description\" content=\"[vc_row][vc_column][vc_column_text]L\u2019Espace Nouvelle Vision respecte le R\u00e8glement g\u00e9n\u00e9ral de protection des donn\u00e9es (RGPD) europ\u00e9en entr\u00e9 en vigueur le 25 mai 2018. Les donn\u00e9es personnelles pr\u00e9lev\u00e9es par l\u2019Espace Nouvelle Vision sur ce site internet ne sont pas c\u00e9d\u00e9es \u00e0 un tiers. Celles-ci sont stock\u00e9es sur un serveur OVH et permettre d\u2019optimiser l\u2019exp\u00e9rience utilisateur sur ce site. FORMULAIRES&hellip;\" \/>\n<meta property=\"og:url\" content=\"https:\/\/www.espace-nouvelle-vision.com\/en\/management-of-personal-data\/\" \/>\n<meta property=\"og:site_name\" content=\"Espace Nouvelle Vision\" \/>\n<meta property=\"article:modified_time\" content=\"2022-05-09T13:55:55+00:00\" \/>\n<meta name=\"twitter:card\" content=\"summary_large_image\" \/>\n<meta name=\"twitter:label1\" content=\"Est. reading time\" \/>\n\t<meta name=\"twitter:data1\" content=\"2 minutes\" \/>\n<script type=\"application\/ld+json\" class=\"yoast-schema-graph\">{\"@context\":\"https:\/\/schema.org\",\"@graph\":[{\"@type\":\"WebPage\",\"@id\":\"https:\/\/www.espace-nouvelle-vision.com\/en\/management-of-personal-data\/\",\"url\":\"https:\/\/www.espace-nouvelle-vision.com\/en\/management-of-personal-data\/\",\"name\":\"Management of personal data - Espace Nouvelle Vision\",\"isPartOf\":{\"@id\":\"https:\/\/www.espace-nouvelle-vision.com\/#website\"},\"datePublished\":\"2021-06-03T10:43:05+00:00\",\"dateModified\":\"2022-05-09T13:55:55+00:00\",\"inLanguage\":\"en-US\",\"potentialAction\":[{\"@type\":\"ReadAction\",\"target\":[\"https:\/\/www.espace-nouvelle-vision.com\/en\/management-of-personal-data\/\"]}]},{\"@type\":\"WebSite\",\"@id\":\"https:\/\/www.espace-nouvelle-vision.com\/#website\",\"url\":\"https:\/\/www.espace-nouvelle-vision.com\/\",\"name\":\"Espace Nouvelle Vision\",\"description\":\"\",\"publisher\":{\"@id\":\"https:\/\/www.espace-nouvelle-vision.com\/#organization\"},\"potentialAction\":[{\"@type\":\"SearchAction\",\"target\":{\"@type\":\"EntryPoint\",\"urlTemplate\":\"https:\/\/www.espace-nouvelle-vision.com\/?s={search_term_string}\"},\"query-input\":{\"@type\":\"PropertyValueSpecification\",\"valueRequired\":true,\"valueName\":\"search_term_string\"}}],\"inLanguage\":\"en-US\"},{\"@type\":\"Organization\",\"@id\":\"https:\/\/www.espace-nouvelle-vision.com\/#organization\",\"name\":\"Espace Nouvelle Vision\",\"url\":\"https:\/\/www.espace-nouvelle-vision.com\/\",\"logo\":{\"@type\":\"ImageObject\",\"inLanguage\":\"en-US\",\"@id\":\"https:\/\/www.espace-nouvelle-vision.com\/#\/schema\/logo\/image\/\",\"url\":\"https:\/\/www.espace-nouvelle-vision.com\/wp-content\/uploads\/2021\/03\/espace-nouvelle-vison-logo.svg\",\"contentUrl\":\"https:\/\/www.espace-nouvelle-vision.com\/wp-content\/uploads\/2021\/03\/espace-nouvelle-vison-logo.svg\",\"caption\":\"Espace Nouvelle Vision\"},\"image\":{\"@id\":\"https:\/\/www.espace-nouvelle-vision.com\/#\/schema\/logo\/image\/\"}}]}<\/script>\n<!-- \/ Yoast SEO plugin. -->","yoast_head_json":{"title":"Management of personal data - Espace Nouvelle Vision","robots":{"index":"index","follow":"follow","max-snippet":"max-snippet:-1","max-image-preview":"max-image-preview:large","max-video-preview":"max-video-preview:-1"},"canonical":"https:\/\/www.espace-nouvelle-vision.com\/en\/management-of-personal-data\/","og_locale":"en_US","og_type":"article","og_title":"Management of personal data - Espace Nouvelle Vision","og_description":"[vc_row][vc_column][vc_column_text]L\u2019Espace Nouvelle Vision respecte le R\u00e8glement g\u00e9n\u00e9ral de protection des donn\u00e9es (RGPD) europ\u00e9en entr\u00e9 en vigueur le 25 mai 2018. Les donn\u00e9es personnelles pr\u00e9lev\u00e9es par l\u2019Espace Nouvelle Vision sur ce site internet ne sont pas c\u00e9d\u00e9es \u00e0 un tiers. Celles-ci sont stock\u00e9es sur un serveur OVH et permettre d\u2019optimiser l\u2019exp\u00e9rience utilisateur sur ce site. FORMULAIRES&hellip;","og_url":"https:\/\/www.espace-nouvelle-vision.com\/en\/management-of-personal-data\/","og_site_name":"Espace Nouvelle Vision","article_modified_time":"2022-05-09T13:55:55+00:00","twitter_card":"summary_large_image","twitter_misc":{"Est. reading time":"2 minutes"},"schema":{"@context":"https:\/\/schema.org","@graph":[{"@type":"WebPage","@id":"https:\/\/www.espace-nouvelle-vision.com\/en\/management-of-personal-data\/","url":"https:\/\/www.espace-nouvelle-vision.com\/en\/management-of-personal-data\/","name":"Management of personal data - Espace Nouvelle Vision","isPartOf":{"@id":"https:\/\/www.espace-nouvelle-vision.com\/#website"},"datePublished":"2021-06-03T10:43:05+00:00","dateModified":"2022-05-09T13:55:55+00:00","inLanguage":"en-US","potentialAction":[{"@type":"ReadAction","target":["https:\/\/www.espace-nouvelle-vision.com\/en\/management-of-personal-data\/"]}]},{"@type":"WebSite","@id":"https:\/\/www.espace-nouvelle-vision.com\/#website","url":"https:\/\/www.espace-nouvelle-vision.com\/","name":"Espace Nouvelle Vision","description":"","publisher":{"@id":"https:\/\/www.espace-nouvelle-vision.com\/#organization"},"potentialAction":[{"@type":"SearchAction","target":{"@type":"EntryPoint","urlTemplate":"https:\/\/www.espace-nouvelle-vision.com\/?s={search_term_string}"},"query-input":{"@type":"PropertyValueSpecification","valueRequired":true,"valueName":"search_term_string"}}],"inLanguage":"en-US"},{"@type":"Organization","@id":"https:\/\/www.espace-nouvelle-vision.com\/#organization","name":"Espace Nouvelle Vision","url":"https:\/\/www.espace-nouvelle-vision.com\/","logo":{"@type":"ImageObject","inLanguage":"en-US","@id":"https:\/\/www.espace-nouvelle-vision.com\/#\/schema\/logo\/image\/","url":"https:\/\/www.espace-nouvelle-vision.com\/wp-content\/uploads\/2021\/03\/espace-nouvelle-vison-logo.svg","contentUrl":"https:\/\/www.espace-nouvelle-vision.com\/wp-content\/uploads\/2021\/03\/espace-nouvelle-vison-logo.svg","caption":"Espace Nouvelle Vision"},"image":{"@id":"https:\/\/www.espace-nouvelle-vision.com\/#\/schema\/logo\/image\/"}}]}},"_links":{"self":[{"href":"https:\/\/www.espace-nouvelle-vision.com\/en\/wp-json\/wp\/v2\/pages\/917","targetHints":{"allow":["GET"]}}],"collection":[{"href":"https:\/\/www.espace-nouvelle-vision.com\/en\/wp-json\/wp\/v2\/pages"}],"about":[{"href":"https:\/\/www.espace-nouvelle-vision.com\/en\/wp-json\/wp\/v2\/types\/page"}],"author":[{"embeddable":true,"href":"https:\/\/www.espace-nouvelle-vision.com\/en\/wp-json\/wp\/v2\/users\/1024"}],"replies":[{"embeddable":true,"href":"https:\/\/www.espace-nouvelle-vision.com\/en\/wp-json\/wp\/v2\/comments?post=917"}],"version-history":[{"count":2,"href":"https:\/\/www.espace-nouvelle-vision.com\/en\/wp-json\/wp\/v2\/pages\/917\/revisions"}],"predecessor-version":[{"id":1025,"href":"https:\/\/www.espace-nouvelle-vision.com\/en\/wp-json\/wp\/v2\/pages\/917\/revisions\/1025"}],"wp:attachment":[{"href":"https:\/\/www.espace-nouvelle-vision.com\/en\/wp-json\/wp\/v2\/media?parent=917"}],"curies":[{"name":"wp","href":"https:\/\/api.w.org\/{rel}","templated":true}]}}