{"id":547,"date":"2021-04-16T10:48:28","date_gmt":"2021-04-16T08:48:28","guid":{"rendered":"https:\/\/www.espace-nouvelle-vision.com\/le-plateau-technique\/"},"modified":"2024-04-29T17:55:36","modified_gmt":"2024-04-29T15:55:36","slug":"the-technology-platform","status":"publish","type":"page","link":"https:\/\/www.espace-nouvelle-vision.com\/en\/the-center\/the-technology-platform\/","title":{"rendered":"The technology platform"},"content":{"rendered":"<div class=\"wpb-content-wrapper\">[vc_row][vc_column width=&#8221;1\/2&#8243;][vc_column_text el_class=&#8221;intro&#8221;]\n<h2>THE ESPACE NOUVELLE VISION CENTER HAS A STATE OF THE ART TECHNOLOGY PLATFORM<\/h2>\n[\/vc_column_text][\/vc_column][vc_column width=&#8221;1\/2&#8243;][\/vc_column][\/vc_row][vc_row][vc_column][vc_empty_space height=&#8221;10&#8243;][\/vc_column][\/vc_row][vc_row content_placement=&#8221;middle&#8221; equal_height=&#8221;yes&#8221;][vc_column width=&#8221;1\/2&#8243;][vc_column_text]\n<div class=\"flex-1 overflow-hidden\">\n<div class=\"react-scroll-to-bottom--css-uimnf-79elbk h-full\">\n<div class=\"react-scroll-to-bottom--css-uimnf-1n7m0yu\">\n<div>\n<div class=\"flex flex-col text-sm pb-9\">\n<div class=\"w-full text-token-text-primary\" dir=\"auto\" data-testid=\"conversation-turn-5\">\n<div class=\"px-4 py-2 justify-center text-base md:gap-6 m-auto\">\n<div class=\"flex flex-1 text-base mx-auto gap-3 juice:gap-4 juice:md:gap-6 md:px-5 lg:px-1 xl:px-5 md:max-w-3xl lg:max-w-[40rem] xl:max-w-[48rem]\">\n<div class=\"relative flex w-full min-w-0 flex-col agent-turn\">\n<div class=\"flex-col gap-1 md:gap-3\">\n<div class=\"flex flex-grow flex-col max-w-full\">\n<div class=\"min-h-[20px] text-message flex flex-col items-start gap-3 whitespace-pre-wrap break-words [.text-message+&amp;]:mt-5 overflow-x-auto\" dir=\"auto\" data-message-author-role=\"assistant\" data-message-id=\"ef70c89a-3d23-4e31-a9e2-f9904f28e622\">\n<div class=\"markdown prose w-full break-words dark:prose-invert light\">\n<p><span style=\"font-size: 24px;\">VISUMAX 800 from Zeiss : the new standard in ophthalmic surgery.<\/span><\/p>\n<p><strong>Increased laser frequency and cutting speed <\/strong><\/p>\n<p>The VISUMAX 800 offers a laser pulse repetition rate of 2 MHz, compared to its predecessor the VisuMax 500 with a maximum rate of 0.5 MHz. The scanning system is optimized.<\/p>\n<p><strong>Reduced suction time, less stress<\/strong><\/p>\n<p>The higher cutting speed shortens the suction time and thus the duration of the procedure. This offers patients greater peace of mind and reduces their stress.<\/p>\n<p><strong>Unmatched precision<\/strong><\/p>\n<p>Thanks to its cutting-edge technology, the VISUMAX 800 ensures maximum surgical precision.<\/p>\n<p><strong>More comfort <\/strong><\/p>\n<p>Its ergonomic design and advanced features provide patients with a more comfortable experience before, during, and after surgery.<\/p>\n<p><strong>Rapid recovery<\/strong><\/p>\n<p>With accelerated post-operative recovery, patients of the VISUMAX 800 can quickly regain their vision and resume their normal daily activities.<\/p>\n<p><strong>Enhanced safety <\/strong><\/p>\n<p>Equipped with advanced safety systems, the VISUMAX 800 minimizes the risks associated with eye surgery, giving patients peace of mind throughout their treatment journey.<\/p>\n<p><strong>Greater compatibility<\/strong><\/p>\n<p>Whether it&#8217;s correcting myopia, astigmatism, hyperopia, or presbyopia, the VISUMAX 800 adapts to various eye conditions, offering effective solutions for a wide range of patients.<\/p>\n<\/div>\n<\/div>\n<\/div>\n<div class=\"mt-1 flex gap-3 empty:hidden\">\n<div class=\"text-gray-400 flex self-end lg:self-center items-center justify-center lg:justify-start mt-0 -ml-1 h-7 gap-[2px] visible\">\n<p>&nbsp;<\/p>\n<div class=\"flex items-center gap-1.5 text-xs\"><\/div>\n<div class=\"flex\"><\/div>\n<\/div>\n<\/div>\n<div class=\"pr-2 lg:pr-0\"><\/div>\n<\/div>\n<div class=\"absolute\">\n<div class=\"flex w-full gap-2 items-center justify-center\"><\/div>\n<\/div>\n<\/div>\n<\/div>\n<\/div>\n<\/div>\n<\/div>\n<\/div>\n<\/div>\n<\/div>\n<\/div>\n<div class=\"w-full pt-2 md:pt-0 dark:border-white\/20 md:border-transparent md:dark:border-transparent md:w-[calc(100%-.5rem)]\">\n<form class=\"stretch mx-2 flex flex-row gap-3 last:mb-2 md:mx-4 md:last:mb-6 lg:mx-auto lg:max-w-2xl xl:max-w-3xl\">\n<div class=\"relative flex h-full max-w-full flex-1 flex-col\">\n<div class=\"absolute bottom-full left-0 right-0\"><\/div>\n<div class=\"flex w-full items-center\"><\/div>\n<\/div>\n<\/form>\n<\/div>\n[\/vc_column_text][\/vc_column][vc_column width=&#8221;1\/2&#8243;][vc_single_image image=&#8221;1180&#8243; alignment=&#8221;center&#8221;]<div class=\"vcex-spacing wpex-w-100 wpex-clear\" style=\"height:30px;\"><\/div>[vc_single_image image=&#8221;1183&#8243; alignment=&#8221;center&#8221;][\/vc_column][\/vc_row][vc_row][vc_column][vc_empty_space height=&#8221;10&#8243;][\/vc_column][\/vc_row][vc_row content_placement=&#8221;middle&#8221; equal_height=&#8221;yes&#8221;][vc_column width=&#8221;1\/2&#8243;][vc_single_image image=&#8221;1178&#8243; alignment=&#8221;center&#8221;][\/vc_column][vc_column width=&#8221;1\/2&#8243;][vc_column_text]<span style=\"font-size: 24px;\">The first and only Parisian center equipped with the combined VISUMAX 800 + EXCIMER MEL 90 platform<\/span><\/p>\n<p>Espace Nouvelle Vision is the first and only refractive surgery center in Paris to offer the complete Zeiss platform: the VISUMAX 800 femtosecond laser and the ZEISS MEL\u00ae 90 Excimer laser. This provides refractive surgical options to meet all the refractive needs of patients.[\/vc_column_text][\/vc_column][\/vc_row]\n<\/div>","protected":false},"excerpt":{"rendered":"<p>[vc_row][vc_column width=&#8221;1\/2&#8243;][vc_column_text el_class=&#8221;intro&#8221;] THE ESPACE NOUVELLE VISION CENTER HAS A STATE OF THE ART TECHNOLOGY PLATFORM [\/vc_column_text][\/vc_column][vc_column width=&#8221;1\/2&#8243;][\/vc_column][\/vc_row][vc_row][vc_column][vc_empty_space height=&#8221;10&#8243;][\/vc_column][\/vc_row][vc_row content_placement=&#8221;middle&#8221; equal_height=&#8221;yes&#8221;][vc_column width=&#8221;1\/2&#8243;][vc_column_text] VISUMAX 800 from Zeiss : the new standard in ophthalmic surgery. Increased laser frequency and cutting speed The VISUMAX 800 offers a laser pulse repetition rate of 2 MHz, compared to its predecessor&hellip;<\/p>\n","protected":false},"author":1024,"featured_media":631,"parent":651,"menu_order":0,"comment_status":"closed","ping_status":"closed","template":"","meta":{"inline_featured_image":false,"footnotes":""},"class_list":["post-547","page","type-page","status-publish","has-post-thumbnail","hentry","entry","has-media"],"yoast_head":"<!-- This site is optimized with the Yoast SEO plugin v25.2 - https:\/\/yoast.com\/wordpress\/plugins\/seo\/ -->\n<title>Le plateau technique derni\u00e8re g\u00e9n\u00e9ration lasers - Espace Nouvelle Vision<\/title>\n<meta name=\"description\" content=\"Le Centre de chirurgie laser des yeux Espace Nouvelle Vision dispose du laser derni\u00e8re g\u00e9n\u00e9ration VisuMax femtoseconde de Zeiss, Excimer...\" \/>\n<meta name=\"robots\" content=\"index, follow, max-snippet:-1, max-image-preview:large, max-video-preview:-1\" \/>\n<link rel=\"canonical\" href=\"https:\/\/www.espace-nouvelle-vision.com\/en\/the-center\/the-technology-platform\/\" \/>\n<meta property=\"og:locale\" content=\"en_US\" \/>\n<meta property=\"og:type\" content=\"article\" \/>\n<meta property=\"og:title\" content=\"Le plateau technique derni\u00e8re g\u00e9n\u00e9ration lasers - Espace Nouvelle Vision\" \/>\n<meta property=\"og:description\" content=\"Le Centre de chirurgie laser des yeux Espace Nouvelle Vision dispose du laser derni\u00e8re g\u00e9n\u00e9ration VisuMax femtoseconde de Zeiss, Excimer...\" \/>\n<meta property=\"og:url\" content=\"https:\/\/www.espace-nouvelle-vision.com\/en\/the-center\/the-technology-platform\/\" \/>\n<meta property=\"og:site_name\" content=\"Espace Nouvelle Vision\" \/>\n<meta property=\"article:modified_time\" content=\"2024-04-29T15:55:36+00:00\" \/>\n<meta property=\"og:image\" content=\"https:\/\/www.espace-nouvelle-vision.com\/wp-content\/uploads\/2021\/05\/Espace-Nouvelle-Vision-VisuMax-Zeiss.jpg\" \/>\n\t<meta property=\"og:image:width\" content=\"1200\" \/>\n\t<meta property=\"og:image:height\" content=\"717\" \/>\n\t<meta property=\"og:image:type\" content=\"image\/jpeg\" \/>\n<meta name=\"twitter:card\" content=\"summary_large_image\" \/>\n<meta name=\"twitter:label1\" content=\"Est. reading time\" \/>\n\t<meta name=\"twitter:data1\" content=\"2 minutes\" \/>\n<script type=\"application\/ld+json\" class=\"yoast-schema-graph\">{\"@context\":\"https:\/\/schema.org\",\"@graph\":[{\"@type\":\"WebPage\",\"@id\":\"https:\/\/www.espace-nouvelle-vision.com\/en\/the-center\/the-technology-platform\/\",\"url\":\"https:\/\/www.espace-nouvelle-vision.com\/en\/the-center\/the-technology-platform\/\",\"name\":\"Le plateau technique derni\u00e8re g\u00e9n\u00e9ration lasers - Espace Nouvelle Vision\",\"isPartOf\":{\"@id\":\"https:\/\/www.espace-nouvelle-vision.com\/#website\"},\"primaryImageOfPage\":{\"@id\":\"https:\/\/www.espace-nouvelle-vision.com\/en\/the-center\/the-technology-platform\/#primaryimage\"},\"image\":{\"@id\":\"https:\/\/www.espace-nouvelle-vision.com\/en\/the-center\/the-technology-platform\/#primaryimage\"},\"thumbnailUrl\":\"https:\/\/www.espace-nouvelle-vision.com\/wp-content\/uploads\/2021\/05\/Espace-Nouvelle-Vision-VisuMax-Zeiss.jpg\",\"datePublished\":\"2021-04-16T08:48:28+00:00\",\"dateModified\":\"2024-04-29T15:55:36+00:00\",\"description\":\"Le Centre de chirurgie laser des yeux Espace Nouvelle Vision dispose du laser derni\u00e8re g\u00e9n\u00e9ration VisuMax femtoseconde de Zeiss, Excimer...\",\"breadcrumb\":{\"@id\":\"https:\/\/www.espace-nouvelle-vision.com\/en\/the-center\/the-technology-platform\/#breadcrumb\"},\"inLanguage\":\"en-US\",\"potentialAction\":[{\"@type\":\"ReadAction\",\"target\":[\"https:\/\/www.espace-nouvelle-vision.com\/en\/the-center\/the-technology-platform\/\"]}]},{\"@type\":\"ImageObject\",\"inLanguage\":\"en-US\",\"@id\":\"https:\/\/www.espace-nouvelle-vision.com\/en\/the-center\/the-technology-platform\/#primaryimage\",\"url\":\"https:\/\/www.espace-nouvelle-vision.com\/wp-content\/uploads\/2021\/05\/Espace-Nouvelle-Vision-VisuMax-Zeiss.jpg\",\"contentUrl\":\"https:\/\/www.espace-nouvelle-vision.com\/wp-content\/uploads\/2021\/05\/Espace-Nouvelle-Vision-VisuMax-Zeiss.jpg\",\"width\":1200,\"height\":717,\"caption\":\"Espace Nouvelle Vision : Zeiss Femtosecond laser: VisuMax\"},{\"@type\":\"BreadcrumbList\",\"@id\":\"https:\/\/www.espace-nouvelle-vision.com\/en\/the-center\/the-technology-platform\/#breadcrumb\",\"itemListElement\":[{\"@type\":\"ListItem\",\"position\":1,\"name\":\"The center\",\"item\":\"https:\/\/www.espace-nouvelle-vision.com\/en\/the-center\/\"},{\"@type\":\"ListItem\",\"position\":2,\"name\":\"The technology platform\"}]},{\"@type\":\"WebSite\",\"@id\":\"https:\/\/www.espace-nouvelle-vision.com\/#website\",\"url\":\"https:\/\/www.espace-nouvelle-vision.com\/\",\"name\":\"Espace Nouvelle Vision\",\"description\":\"\",\"publisher\":{\"@id\":\"https:\/\/www.espace-nouvelle-vision.com\/#organization\"},\"potentialAction\":[{\"@type\":\"SearchAction\",\"target\":{\"@type\":\"EntryPoint\",\"urlTemplate\":\"https:\/\/www.espace-nouvelle-vision.com\/?s={search_term_string}\"},\"query-input\":{\"@type\":\"PropertyValueSpecification\",\"valueRequired\":true,\"valueName\":\"search_term_string\"}}],\"inLanguage\":\"en-US\"},{\"@type\":\"Organization\",\"@id\":\"https:\/\/www.espace-nouvelle-vision.com\/#organization\",\"name\":\"Espace Nouvelle Vision\",\"url\":\"https:\/\/www.espace-nouvelle-vision.com\/\",\"logo\":{\"@type\":\"ImageObject\",\"inLanguage\":\"en-US\",\"@id\":\"https:\/\/www.espace-nouvelle-vision.com\/#\/schema\/logo\/image\/\",\"url\":\"https:\/\/www.espace-nouvelle-vision.com\/wp-content\/uploads\/2021\/03\/espace-nouvelle-vison-logo.svg\",\"contentUrl\":\"https:\/\/www.espace-nouvelle-vision.com\/wp-content\/uploads\/2021\/03\/espace-nouvelle-vison-logo.svg\",\"caption\":\"Espace Nouvelle Vision\"},\"image\":{\"@id\":\"https:\/\/www.espace-nouvelle-vision.com\/#\/schema\/logo\/image\/\"}}]}<\/script>\n<!-- \/ Yoast SEO plugin. -->","yoast_head_json":{"title":"Le plateau technique derni\u00e8re g\u00e9n\u00e9ration lasers - Espace Nouvelle Vision","description":"Le Centre de chirurgie laser des yeux Espace Nouvelle Vision dispose du laser derni\u00e8re g\u00e9n\u00e9ration VisuMax femtoseconde de Zeiss, Excimer...","robots":{"index":"index","follow":"follow","max-snippet":"max-snippet:-1","max-image-preview":"max-image-preview:large","max-video-preview":"max-video-preview:-1"},"canonical":"https:\/\/www.espace-nouvelle-vision.com\/en\/the-center\/the-technology-platform\/","og_locale":"en_US","og_type":"article","og_title":"Le plateau technique derni\u00e8re g\u00e9n\u00e9ration lasers - Espace Nouvelle Vision","og_description":"Le Centre de chirurgie laser des yeux Espace Nouvelle Vision dispose du laser derni\u00e8re g\u00e9n\u00e9ration VisuMax femtoseconde de Zeiss, Excimer...","og_url":"https:\/\/www.espace-nouvelle-vision.com\/en\/the-center\/the-technology-platform\/","og_site_name":"Espace Nouvelle Vision","article_modified_time":"2024-04-29T15:55:36+00:00","og_image":[{"width":1200,"height":717,"url":"https:\/\/www.espace-nouvelle-vision.com\/wp-content\/uploads\/2021\/05\/Espace-Nouvelle-Vision-VisuMax-Zeiss.jpg","type":"image\/jpeg"}],"twitter_card":"summary_large_image","twitter_misc":{"Est. reading time":"2 minutes"},"schema":{"@context":"https:\/\/schema.org","@graph":[{"@type":"WebPage","@id":"https:\/\/www.espace-nouvelle-vision.com\/en\/the-center\/the-technology-platform\/","url":"https:\/\/www.espace-nouvelle-vision.com\/en\/the-center\/the-technology-platform\/","name":"Le plateau technique derni\u00e8re g\u00e9n\u00e9ration lasers - Espace Nouvelle Vision","isPartOf":{"@id":"https:\/\/www.espace-nouvelle-vision.com\/#website"},"primaryImageOfPage":{"@id":"https:\/\/www.espace-nouvelle-vision.com\/en\/the-center\/the-technology-platform\/#primaryimage"},"image":{"@id":"https:\/\/www.espace-nouvelle-vision.com\/en\/the-center\/the-technology-platform\/#primaryimage"},"thumbnailUrl":"https:\/\/www.espace-nouvelle-vision.com\/wp-content\/uploads\/2021\/05\/Espace-Nouvelle-Vision-VisuMax-Zeiss.jpg","datePublished":"2021-04-16T08:48:28+00:00","dateModified":"2024-04-29T15:55:36+00:00","description":"Le Centre de chirurgie laser des yeux Espace Nouvelle Vision dispose du laser derni\u00e8re g\u00e9n\u00e9ration VisuMax femtoseconde de Zeiss, Excimer...","breadcrumb":{"@id":"https:\/\/www.espace-nouvelle-vision.com\/en\/the-center\/the-technology-platform\/#breadcrumb"},"inLanguage":"en-US","potentialAction":[{"@type":"ReadAction","target":["https:\/\/www.espace-nouvelle-vision.com\/en\/the-center\/the-technology-platform\/"]}]},{"@type":"ImageObject","inLanguage":"en-US","@id":"https:\/\/www.espace-nouvelle-vision.com\/en\/the-center\/the-technology-platform\/#primaryimage","url":"https:\/\/www.espace-nouvelle-vision.com\/wp-content\/uploads\/2021\/05\/Espace-Nouvelle-Vision-VisuMax-Zeiss.jpg","contentUrl":"https:\/\/www.espace-nouvelle-vision.com\/wp-content\/uploads\/2021\/05\/Espace-Nouvelle-Vision-VisuMax-Zeiss.jpg","width":1200,"height":717,"caption":"Espace Nouvelle Vision : Zeiss Femtosecond laser: VisuMax"},{"@type":"BreadcrumbList","@id":"https:\/\/www.espace-nouvelle-vision.com\/en\/the-center\/the-technology-platform\/#breadcrumb","itemListElement":[{"@type":"ListItem","position":1,"name":"The center","item":"https:\/\/www.espace-nouvelle-vision.com\/en\/the-center\/"},{"@type":"ListItem","position":2,"name":"The technology platform"}]},{"@type":"WebSite","@id":"https:\/\/www.espace-nouvelle-vision.com\/#website","url":"https:\/\/www.espace-nouvelle-vision.com\/","name":"Espace Nouvelle Vision","description":"","publisher":{"@id":"https:\/\/www.espace-nouvelle-vision.com\/#organization"},"potentialAction":[{"@type":"SearchAction","target":{"@type":"EntryPoint","urlTemplate":"https:\/\/www.espace-nouvelle-vision.com\/?s={search_term_string}"},"query-input":{"@type":"PropertyValueSpecification","valueRequired":true,"valueName":"search_term_string"}}],"inLanguage":"en-US"},{"@type":"Organization","@id":"https:\/\/www.espace-nouvelle-vision.com\/#organization","name":"Espace Nouvelle Vision","url":"https:\/\/www.espace-nouvelle-vision.com\/","logo":{"@type":"ImageObject","inLanguage":"en-US","@id":"https:\/\/www.espace-nouvelle-vision.com\/#\/schema\/logo\/image\/","url":"https:\/\/www.espace-nouvelle-vision.com\/wp-content\/uploads\/2021\/03\/espace-nouvelle-vison-logo.svg","contentUrl":"https:\/\/www.espace-nouvelle-vision.com\/wp-content\/uploads\/2021\/03\/espace-nouvelle-vison-logo.svg","caption":"Espace Nouvelle Vision"},"image":{"@id":"https:\/\/www.espace-nouvelle-vision.com\/#\/schema\/logo\/image\/"}}]}},"_links":{"self":[{"href":"https:\/\/www.espace-nouvelle-vision.com\/en\/wp-json\/wp\/v2\/pages\/547","targetHints":{"allow":["GET"]}}],"collection":[{"href":"https:\/\/www.espace-nouvelle-vision.com\/en\/wp-json\/wp\/v2\/pages"}],"about":[{"href":"https:\/\/www.espace-nouvelle-vision.com\/en\/wp-json\/wp\/v2\/types\/page"}],"author":[{"embeddable":true,"href":"https:\/\/www.espace-nouvelle-vision.com\/en\/wp-json\/wp\/v2\/users\/1024"}],"replies":[{"embeddable":true,"href":"https:\/\/www.espace-nouvelle-vision.com\/en\/wp-json\/wp\/v2\/comments?post=547"}],"version-history":[{"count":16,"href":"https:\/\/www.espace-nouvelle-vision.com\/en\/wp-json\/wp\/v2\/pages\/547\/revisions"}],"predecessor-version":[{"id":1193,"href":"https:\/\/www.espace-nouvelle-vision.com\/en\/wp-json\/wp\/v2\/pages\/547\/revisions\/1193"}],"up":[{"embeddable":true,"href":"https:\/\/www.espace-nouvelle-vision.com\/en\/wp-json\/wp\/v2\/pages\/651"}],"wp:featuredmedia":[{"embeddable":true,"href":"https:\/\/www.espace-nouvelle-vision.com\/en\/wp-json\/wp\/v2\/media\/631"}],"wp:attachment":[{"href":"https:\/\/www.espace-nouvelle-vision.com\/en\/wp-json\/wp\/v2\/media?parent=547"}],"curies":[{"name":"wp","href":"https:\/\/api.w.org\/{rel}","templated":true}]}}